{"id":350,"date":"2017-09-08T11:51:54","date_gmt":"2017-09-08T11:51:54","guid":{"rendered":"https:\/\/nariatravel.gr\/?page_id=350"},"modified":"2018-03-02T11:22:10","modified_gmt":"2018-03-02T09:22:10","slug":"%ce%bc%ce%b5%cf%84%ce%b1%ce%ba%ce%b9%ce%bd%ce%b7%cf%83%ce%b5%ce%b9%cf%83","status":"publish","type":"page","link":"https:\/\/nariatravel.gr\/fr\/%ce%bc%ce%b5%cf%84%ce%b1%ce%ba%ce%b9%ce%bd%ce%b7%cf%83%ce%b5%ce%b9%cf%83\/","title":{"rendered":"TRANSPORTS"},"content":{"rendered":"<p style=\"text-align: center;\"><!-- Global Site Tag (gtag.js) - Google Analytics --><br \/>\n<script async src=\"https:\/\/www.googletagmanager.com\/gtag\/js?id=GA_TRACKING_ID\"><\/script><br \/>\n<script>\n  window.dataLayer = window.dataLayer || [];\n  function gtag(){dataLayer.push(arguments);}\n  gtag('js', new Date());<\/p>\n<p>  gtag('config', 'GA_TRACKING_ID');\n<\/script><br \/>\n<strong>Chaque type de transport est \u00e0 votre disposition et nous pouvons vous le garantir:<\/strong><\/p>\n<p style=\"text-align: center;\">Locations de voitures<\/p>\n<hr \/>\n<p style=\"text-align: center;\">Transport en autobus<\/p>\n<hr \/>\n<p style=\"text-align: center;\">Transport priv\u00e9 en taxi ou en limousine<\/p>\n<hr \/>\n<p style=\"text-align: center;\">Transfert a\u00e9roport \/ port<\/p>\n<hr \/>\n<p style=\"text-align: center;\">Assistance et service rapide dans les a\u00e9roports internationaux en pr\u00e9sence des membres pr\u00e9sents au d\u00e9part ou \u00e0 l&#8217;arriv\u00e9e<\/p>\n","protected":false},"excerpt":{"rendered":"<p>Chaque type de transport est \u00e0 votre disposition et nous pouvons vous le garantir: Locations de voitures Transport en autobus Transport priv\u00e9 en taxi ou en limousine Transfert a\u00e9roport \/ port Assistance et service rapide dans les a\u00e9roports internationaux en pr\u00e9sence des membres pr\u00e9sents au d\u00e9part ou \u00e0 l&#8217;arriv\u00e9e<\/p>\n","protected":false},"author":1,"featured_media":354,"parent":0,"menu_order":0,"comment_status":"closed","ping_status":"closed","template":"","meta":{"footnotes":""},"class_list":["post-350","page","type-page","status-publish","has-post-thumbnail","hentry"],"translation":{"provider":"WPGlobus","version":"3.0.2","language":"fr","enabled_languages":["gr","en","fr"],"languages":{"gr":{"title":true,"content":true,"excerpt":false},"en":{"title":true,"content":true,"excerpt":false},"fr":{"title":true,"content":true,"excerpt":false}}},"jetpack_sharing_enabled":true,"jetpack_shortlink":"https:\/\/wp.me\/P98q2g-5E","jetpack_likes_enabled":true,"jetpack-related-posts":[],"_links":{"self":[{"href":"https:\/\/nariatravel.gr\/fr\/wp-json\/wp\/v2\/pages\/350","targetHints":{"allow":["GET"]}}],"collection":[{"href":"https:\/\/nariatravel.gr\/fr\/wp-json\/wp\/v2\/pages"}],"about":[{"href":"https:\/\/nariatravel.gr\/fr\/wp-json\/wp\/v2\/types\/page"}],"author":[{"embeddable":true,"href":"https:\/\/nariatravel.gr\/fr\/wp-json\/wp\/v2\/users\/1"}],"replies":[{"embeddable":true,"href":"https:\/\/nariatravel.gr\/fr\/wp-json\/wp\/v2\/comments?post=350"}],"version-history":[{"count":7,"href":"https:\/\/nariatravel.gr\/fr\/wp-json\/wp\/v2\/pages\/350\/revisions"}],"predecessor-version":[{"id":355,"href":"https:\/\/nariatravel.gr\/fr\/wp-json\/wp\/v2\/pages\/350\/revisions\/355"}],"wp:featuredmedia":[{"embeddable":true,"href":"https:\/\/nariatravel.gr\/fr\/wp-json\/wp\/v2\/media\/354"}],"wp:attachment":[{"href":"https:\/\/nariatravel.gr\/fr\/wp-json\/wp\/v2\/media?parent=350"}],"curies":[{"name":"wp","href":"https:\/\/api.w.org\/{rel}","templated":true}]}}