{"id":209,"date":"2017-09-07T09:30:36","date_gmt":"2017-09-07T09:30:36","guid":{"rendered":"https:\/\/nariatravel.gr\/?page_id=209"},"modified":"2017-10-17T11:31:40","modified_gmt":"2017-10-17T11:31:40","slug":"%cf%84%ce%b1%ce%be%ce%b9%ce%b4%ce%b9%ce%b1-%ce%b1%ce%bd%ce%b1%cf%88%cf%85%cf%87%ce%b7%cf%83","status":"publish","type":"page","link":"https:\/\/nariatravel.gr\/fr\/%cf%84%ce%b1%ce%be%ce%b9%ce%b4%ce%b9%ce%b1-%ce%b1%ce%bd%ce%b1%cf%88%cf%85%cf%87%ce%b7%cf%83\/","title":{"rendered":"VOYAGES DE R\u00c9CR\u00c9ATION"},"content":{"rendered":"<p>En coop\u00e9ration avec un large r\u00e9seau de collaborateurs du monde entier, nous avons l&#8217;opportunit\u00e9 de vous offrir une exp\u00e9rience inoubliable de croisi\u00e8re ou de voyage combinant transport a\u00e9rien, h\u00e9bergement, transfert, visites et activit\u00e9s (tourisme alternatif, sports extr\u00eames, safari, \u0153notourisme, lune de miel, etc. ) configur\u00e9 selon vos propres souhaits et besoins.<\/p>\n<p><strong>LUNE DE MIEL<\/strong><\/p>\n<p><img data-recalc-dims=\"1\" loading=\"lazy\" decoding=\"async\" data-attachment-id=\"358\" data-permalink=\"https:\/\/nariatravel.gr\/fr\/%cf%84%ce%b1%ce%be%ce%b9%ce%b4%ce%b9%ce%b1-%ce%b1%ce%bd%ce%b1%cf%88%cf%85%cf%87%ce%b7%cf%83\/wedding-trip\/\" data-orig-file=\"https:\/\/i0.wp.com\/nariatravel.gr\/wp-content\/uploads\/2017\/09\/wedding-trip.jpg?fit=550%2C367&amp;ssl=1\" data-orig-size=\"550,367\" data-comments-opened=\"1\" data-image-meta=\"{&quot;aperture&quot;:&quot;0&quot;,&quot;credit&quot;:&quot;&quot;,&quot;camera&quot;:&quot;&quot;,&quot;caption&quot;:&quot;&quot;,&quot;created_timestamp&quot;:&quot;0&quot;,&quot;copyright&quot;:&quot;&quot;,&quot;focal_length&quot;:&quot;0&quot;,&quot;iso&quot;:&quot;0&quot;,&quot;shutter_speed&quot;:&quot;0&quot;,&quot;title&quot;:&quot;&quot;,&quot;orientation&quot;:&quot;0&quot;}\" data-image-title=\"wedding-trip\" data-image-description=\"\" data-image-caption=\"\" data-large-file=\"https:\/\/i0.wp.com\/nariatravel.gr\/wp-content\/uploads\/2017\/09\/wedding-trip.jpg?fit=525%2C350&amp;ssl=1\" class=\"alignnone wp-image-358\" src=\"https:\/\/i0.wp.com\/nariatravel.gr\/wp-content\/uploads\/2017\/09\/wedding-trip.jpg?resize=444%2C296&#038;ssl=1\" alt=\"wedding-trip.jpg\" width=\"444\" height=\"296\" \/><\/p>\n<p><strong>SPORTS EXTR\u00caME<\/strong><\/p>\n<p><img data-recalc-dims=\"1\" loading=\"lazy\" decoding=\"async\" data-attachment-id=\"359\" data-permalink=\"https:\/\/nariatravel.gr\/fr\/%cf%84%ce%b1%ce%be%ce%b9%ce%b4%ce%b9%ce%b1-%ce%b1%ce%bd%ce%b1%cf%88%cf%85%cf%87%ce%b7%cf%83\/maxresdefault\/\" data-orig-file=\"https:\/\/i0.wp.com\/nariatravel.gr\/wp-content\/uploads\/2017\/09\/maxresdefault.jpg?fit=1280%2C720&amp;ssl=1\" data-orig-size=\"1280,720\" data-comments-opened=\"1\" data-image-meta=\"{&quot;aperture&quot;:&quot;0&quot;,&quot;credit&quot;:&quot;&quot;,&quot;camera&quot;:&quot;&quot;,&quot;caption&quot;:&quot;&quot;,&quot;created_timestamp&quot;:&quot;0&quot;,&quot;copyright&quot;:&quot;&quot;,&quot;focal_length&quot;:&quot;0&quot;,&quot;iso&quot;:&quot;0&quot;,&quot;shutter_speed&quot;:&quot;0&quot;,&quot;title&quot;:&quot;&quot;,&quot;orientation&quot;:&quot;0&quot;}\" data-image-title=\"maxresdefault\" data-image-description=\"\" data-image-caption=\"\" data-large-file=\"https:\/\/i0.wp.com\/nariatravel.gr\/wp-content\/uploads\/2017\/09\/maxresdefault.jpg?fit=525%2C295&amp;ssl=1\" class=\"alignnone wp-image-359\" src=\"https:\/\/i0.wp.com\/nariatravel.gr\/wp-content\/uploads\/2017\/09\/maxresdefault.jpg?resize=443%2C250&#038;ssl=1\" alt=\"maxresdefault.jpg\" width=\"443\" height=\"250\" \/><\/p>\n<p><strong>SAFARI<\/strong><\/p>\n<p><img data-recalc-dims=\"1\" loading=\"lazy\" decoding=\"async\" data-attachment-id=\"360\" data-permalink=\"https:\/\/nariatravel.gr\/fr\/%cf%84%ce%b1%ce%be%ce%b9%ce%b4%ce%b9%ce%b1-%ce%b1%ce%bd%ce%b1%cf%88%cf%85%cf%87%ce%b7%cf%83\/safari_kenya\/\" data-orig-file=\"https:\/\/i0.wp.com\/nariatravel.gr\/wp-content\/uploads\/2017\/09\/safari_kenya.jpg?fit=570%2C420&amp;ssl=1\" data-orig-size=\"570,420\" data-comments-opened=\"1\" data-image-meta=\"{&quot;aperture&quot;:&quot;0&quot;,&quot;credit&quot;:&quot;&quot;,&quot;camera&quot;:&quot;&quot;,&quot;caption&quot;:&quot;&quot;,&quot;created_timestamp&quot;:&quot;0&quot;,&quot;copyright&quot;:&quot;&quot;,&quot;focal_length&quot;:&quot;0&quot;,&quot;iso&quot;:&quot;0&quot;,&quot;shutter_speed&quot;:&quot;0&quot;,&quot;title&quot;:&quot;&quot;,&quot;orientation&quot;:&quot;0&quot;}\" data-image-title=\"safari_kenya\" data-image-description=\"\" data-image-caption=\"\" data-large-file=\"https:\/\/i0.wp.com\/nariatravel.gr\/wp-content\/uploads\/2017\/09\/safari_kenya.jpg?fit=525%2C387&amp;ssl=1\" class=\"alignnone wp-image-360\" src=\"https:\/\/i0.wp.com\/nariatravel.gr\/wp-content\/uploads\/2017\/09\/safari_kenya.jpg?resize=441%2C325&#038;ssl=1\" alt=\"safari_kenya.jpg\" width=\"441\" height=\"325\" \/><\/p>\n<p><strong>TOURISME ALTERNATIF<\/strong><\/p>\n<p><img data-recalc-dims=\"1\" loading=\"lazy\" decoding=\"async\" data-attachment-id=\"361\" data-permalink=\"https:\/\/nariatravel.gr\/fr\/%cf%84%ce%b1%ce%be%ce%b9%ce%b4%ce%b9%ce%b1-%ce%b1%ce%bd%ce%b1%cf%88%cf%85%cf%87%ce%b7%cf%83\/two_mountain_bikers_taking_a_rest_to_watch_sunset\/\" data-orig-file=\"https:\/\/i0.wp.com\/nariatravel.gr\/wp-content\/uploads\/2017\/09\/two_mountain_bikers_taking_a_rest_to_watch_sunset.jpg?fit=900%2C497&amp;ssl=1\" data-orig-size=\"900,497\" data-comments-opened=\"1\" data-image-meta=\"{&quot;aperture&quot;:&quot;0&quot;,&quot;credit&quot;:&quot;&quot;,&quot;camera&quot;:&quot;&quot;,&quot;caption&quot;:&quot;&quot;,&quot;created_timestamp&quot;:&quot;0&quot;,&quot;copyright&quot;:&quot;&quot;,&quot;focal_length&quot;:&quot;0&quot;,&quot;iso&quot;:&quot;0&quot;,&quot;shutter_speed&quot;:&quot;0&quot;,&quot;title&quot;:&quot;&quot;,&quot;orientation&quot;:&quot;1&quot;}\" data-image-title=\"two_mountain_bikers_taking_a_rest_to_watch_sunset\" data-image-description=\"\" data-image-caption=\"\" data-large-file=\"https:\/\/i0.wp.com\/nariatravel.gr\/wp-content\/uploads\/2017\/09\/two_mountain_bikers_taking_a_rest_to_watch_sunset.jpg?fit=525%2C290&amp;ssl=1\" class=\"alignnone wp-image-361\" src=\"https:\/\/i0.wp.com\/nariatravel.gr\/wp-content\/uploads\/2017\/09\/two_mountain_bikers_taking_a_rest_to_watch_sunset.jpg?resize=441%2C244&#038;ssl=1\" alt=\"two_mountain_bikers_taking_a_rest_to_watch_sunset.jpg\" width=\"441\" height=\"244\" \/><\/p>\n<p><strong>\u0153notourisme<\/strong><\/p>\n<p><img data-recalc-dims=\"1\" loading=\"lazy\" decoding=\"async\" data-attachment-id=\"362\" data-permalink=\"https:\/\/nariatravel.gr\/fr\/%cf%84%ce%b1%ce%be%ce%b9%ce%b4%ce%b9%ce%b1-%ce%b1%ce%bd%ce%b1%cf%88%cf%85%cf%87%ce%b7%cf%83\/scalani_hills_2492-2-thumb-large\/\" data-orig-file=\"https:\/\/i0.wp.com\/nariatravel.gr\/wp-content\/uploads\/2017\/09\/scalani_hills_2492-2-thumb-large.jpg?fit=958%2C598&amp;ssl=1\" data-orig-size=\"958,598\" data-comments-opened=\"1\" data-image-meta=\"{&quot;aperture&quot;:&quot;0&quot;,&quot;credit&quot;:&quot;&quot;,&quot;camera&quot;:&quot;&quot;,&quot;caption&quot;:&quot;&quot;,&quot;created_timestamp&quot;:&quot;0&quot;,&quot;copyright&quot;:&quot;&quot;,&quot;focal_length&quot;:&quot;0&quot;,&quot;iso&quot;:&quot;0&quot;,&quot;shutter_speed&quot;:&quot;0&quot;,&quot;title&quot;:&quot;&quot;,&quot;orientation&quot;:&quot;0&quot;}\" data-image-title=\"scalani_hills_2492-2-thumb-large\" data-image-description=\"\" data-image-caption=\"\" data-large-file=\"https:\/\/i0.wp.com\/nariatravel.gr\/wp-content\/uploads\/2017\/09\/scalani_hills_2492-2-thumb-large.jpg?fit=525%2C328&amp;ssl=1\" class=\"alignnone wp-image-362\" src=\"https:\/\/i0.wp.com\/nariatravel.gr\/wp-content\/uploads\/2017\/09\/scalani_hills_2492-2-thumb-large.jpg?resize=442%2C276&#038;ssl=1\" alt=\"scalani_hills_2492-2-thumb-large.jpg\" width=\"442\" height=\"276\" \/><\/p>\n<p><strong>VOUS R\u00caVEZ!!!! NOUS REALISONS!!!!!<\/strong><\/p>\n","protected":false},"excerpt":{"rendered":"<p>En coop\u00e9ration avec un large r\u00e9seau de collaborateurs du monde entier, nous avons l&#8217;opportunit\u00e9 de vous offrir une exp\u00e9rience inoubliable de croisi\u00e8re ou de voyage combinant transport a\u00e9rien, h\u00e9bergement, transfert, visites et activit\u00e9s (tourisme alternatif, sports extr\u00eames, safari, \u0153notourisme, lune de miel, etc. ) configur\u00e9 selon vos propres souhaits et besoins. LUNE DE MIEL SPORTS &hellip; <\/p>\n<p class=\"link-more\"><a href=\"https:\/\/nariatravel.gr\/fr\/%cf%84%ce%b1%ce%be%ce%b9%ce%b4%ce%b9%ce%b1-%ce%b1%ce%bd%ce%b1%cf%88%cf%85%cf%87%ce%b7%cf%83\/\" class=\"more-link\">Continue reading<span class=\"screen-reader-text\"> &#8220;VOYAGES DE R\u00c9CR\u00c9ATION&#8221;<\/span><\/a><\/p>\n","protected":false},"author":1,"featured_media":264,"parent":0,"menu_order":0,"comment_status":"closed","ping_status":"closed","template":"","meta":{"footnotes":""},"class_list":["post-209","page","type-page","status-publish","has-post-thumbnail","hentry"],"translation":{"provider":"WPGlobus","version":"3.0.2","language":"fr","enabled_languages":["gr","en","fr"],"languages":{"gr":{"title":true,"content":true,"excerpt":false},"en":{"title":true,"content":true,"excerpt":false},"fr":{"title":true,"content":true,"excerpt":false}}},"jetpack_sharing_enabled":true,"jetpack_shortlink":"https:\/\/wp.me\/P98q2g-3n","jetpack_likes_enabled":true,"jetpack-related-posts":[],"_links":{"self":[{"href":"https:\/\/nariatravel.gr\/fr\/wp-json\/wp\/v2\/pages\/209","targetHints":{"allow":["GET"]}}],"collection":[{"href":"https:\/\/nariatravel.gr\/fr\/wp-json\/wp\/v2\/pages"}],"about":[{"href":"https:\/\/nariatravel.gr\/fr\/wp-json\/wp\/v2\/types\/page"}],"author":[{"embeddable":true,"href":"https:\/\/nariatravel.gr\/fr\/wp-json\/wp\/v2\/users\/1"}],"replies":[{"embeddable":true,"href":"https:\/\/nariatravel.gr\/fr\/wp-json\/wp\/v2\/comments?post=209"}],"version-history":[{"count":7,"href":"https:\/\/nariatravel.gr\/fr\/wp-json\/wp\/v2\/pages\/209\/revisions"}],"predecessor-version":[{"id":473,"href":"https:\/\/nariatravel.gr\/fr\/wp-json\/wp\/v2\/pages\/209\/revisions\/473"}],"wp:featuredmedia":[{"embeddable":true,"href":"https:\/\/nariatravel.gr\/fr\/wp-json\/wp\/v2\/media\/264"}],"wp:attachment":[{"href":"https:\/\/nariatravel.gr\/fr\/wp-json\/wp\/v2\/media?parent=209"}],"curies":[{"name":"wp","href":"https:\/\/api.w.org\/{rel}","templated":true}]}}