{"id":126,"date":"2017-09-05T13:37:48","date_gmt":"2017-09-05T13:37:48","guid":{"rendered":"https:\/\/nariatravel.gr\/?page_id=126"},"modified":"2018-03-02T13:08:55","modified_gmt":"2018-03-02T11:08:55","slug":"our-company","status":"publish","type":"page","link":"https:\/\/nariatravel.gr\/fr\/our-company\/","title":{"rendered":"NOTRE ENTREPRISE"},"content":{"rendered":"<p><!-- Global Site Tag (gtag.js) - Google Analytics --><\/p>\n<p>NARIA TRAVEL a \u00e9t\u00e9 cr\u00e9\u00e9 avec la vision de fournir des solutions complets adress\u00e9s aux entreprises et aux particuliers. <strong>Le partenariat de cadres exp\u00e9riment\u00e9s<\/strong>, avec<strong> plus de 40 ans<\/strong> de pr\u00e9sence sur le terrain, et des jeunes ayant connaissance et go\u00fbt de cr\u00e9ation, a conduit \u00e0 la fondation de NARIA TRAVEL.<\/p>\n<p>Nos bureaux sont<strong> au c\u0153ur de l&#8217;entrepreneuriat<\/strong>.\u00a0Vous pouvez nous rendre visite quand vous voulez pour que nous pr\u00e9sentons nos services et les membres du personnel qui seront \u00e0 votre service. Nous investissons dans l&#8217;approche centr\u00e9e sur le client, car gr\u00e2ce \u00e0 ce service, nous pouvons nous sp\u00e9cialiser dans les besoins sp\u00e9cials de votre entreprise.<\/p>\n<p>Nos cadres vous serviront avec rapidit\u00e9 et fiabilit\u00e9 en proposant des options alternatives et en fournissant des informations sur les services que vous avez besoin.<\/p>\n<p><img data-recalc-dims=\"1\" loading=\"lazy\" decoding=\"async\" src=\"https:\/\/i0.wp.com\/nariatravel.gr\/wp-content\/uploads\/2017\/09\/22219249_1910838745846050_1060394156_o.jpg?resize=525%2C350&#038;ssl=1\" alt=\"\" width=\"525\" height=\"350\" \/><\/p>\n","protected":false},"excerpt":{"rendered":"<p>NARIA TRAVEL a \u00e9t\u00e9 cr\u00e9\u00e9 avec la vision de fournir des solutions complets adress\u00e9s aux entreprises et aux particuliers. Le partenariat de cadres exp\u00e9riment\u00e9s, avec plus de 40 ans de pr\u00e9sence sur le terrain, et des jeunes ayant connaissance et go\u00fbt de cr\u00e9ation, a conduit \u00e0 la fondation de NARIA TRAVEL. Nos bureaux sont au &hellip; <\/p>\n<p class=\"link-more\"><a href=\"https:\/\/nariatravel.gr\/fr\/our-company\/\" class=\"more-link\">Continue reading<span class=\"screen-reader-text\"> &#8220;NOTRE ENTREPRISE&#8221;<\/span><\/a><\/p>\n","protected":false},"author":1,"featured_media":88,"parent":0,"menu_order":0,"comment_status":"closed","ping_status":"closed","template":"","meta":{"footnotes":""},"class_list":["post-126","page","type-page","status-publish","has-post-thumbnail","hentry"],"translation":{"provider":"WPGlobus","version":"3.0.2","language":"fr","enabled_languages":["gr","en","fr"],"languages":{"gr":{"title":true,"content":true,"excerpt":false},"en":{"title":true,"content":true,"excerpt":false},"fr":{"title":true,"content":true,"excerpt":false}}},"jetpack_sharing_enabled":true,"jetpack_shortlink":"https:\/\/wp.me\/P98q2g-22","jetpack_likes_enabled":true,"jetpack-related-posts":[],"_links":{"self":[{"href":"https:\/\/nariatravel.gr\/fr\/wp-json\/wp\/v2\/pages\/126","targetHints":{"allow":["GET"]}}],"collection":[{"href":"https:\/\/nariatravel.gr\/fr\/wp-json\/wp\/v2\/pages"}],"about":[{"href":"https:\/\/nariatravel.gr\/fr\/wp-json\/wp\/v2\/types\/page"}],"author":[{"embeddable":true,"href":"https:\/\/nariatravel.gr\/fr\/wp-json\/wp\/v2\/users\/1"}],"replies":[{"embeddable":true,"href":"https:\/\/nariatravel.gr\/fr\/wp-json\/wp\/v2\/comments?post=126"}],"version-history":[{"count":15,"href":"https:\/\/nariatravel.gr\/fr\/wp-json\/wp\/v2\/pages\/126\/revisions"}],"predecessor-version":[{"id":697,"href":"https:\/\/nariatravel.gr\/fr\/wp-json\/wp\/v2\/pages\/126\/revisions\/697"}],"wp:featuredmedia":[{"embeddable":true,"href":"https:\/\/nariatravel.gr\/fr\/wp-json\/wp\/v2\/media\/88"}],"wp:attachment":[{"href":"https:\/\/nariatravel.gr\/fr\/wp-json\/wp\/v2\/media?parent=126"}],"curies":[{"name":"wp","href":"https:\/\/api.w.org\/{rel}","templated":true}]}}